{"id":2,"date":"2016-05-10T03:48:21","date_gmt":"2016-05-10T03:48:21","guid":{"rendered":"http:\/\/dark-zodiak.net\/?page_id=2"},"modified":"2024-11-06T07:13:13","modified_gmt":"2024-11-06T07:13:13","slug":"home","status":"publish","type":"page","link":"https:\/\/dark-zodiak.net\/?page_id=2","title":{"rendered":"Band"},"content":{"rendered":"\n<figure class=\"wp-block-image size-large\"><img loading=\"lazy\" decoding=\"async\" width=\"1024\" height=\"683\" src=\"https:\/\/dark-zodiak.net\/wp-content\/uploads\/2020\/11\/Dark-Zodiak-16-1024x683.jpg\" alt=\"\" class=\"wp-image-557\" srcset=\"https:\/\/dark-zodiak.net\/wp-content\/uploads\/2020\/11\/Dark-Zodiak-16-1024x683.jpg 1024w, https:\/\/dark-zodiak.net\/wp-content\/uploads\/2020\/11\/Dark-Zodiak-16-300x200.jpg 300w, https:\/\/dark-zodiak.net\/wp-content\/uploads\/2020\/11\/Dark-Zodiak-16-768x512.jpg 768w, https:\/\/dark-zodiak.net\/wp-content\/uploads\/2020\/11\/Dark-Zodiak-16-2048x1365.jpg 2048w, https:\/\/dark-zodiak.net\/wp-content\/uploads\/2020\/11\/Dark-Zodiak-16-600x400.jpg 600w\" sizes=\"auto, (max-width: 1024px) 100vw, 1024px\" \/><figcaption class=\"wp-element-caption\">Simone Schwarz, Vocals<br>Dieter Schwarz, Drums<br>Charly Gag, Guitar<br>Benni Poeck, Guitar<br>Steffi Bergmann, Bass<\/figcaption><\/figure>\n\n\n\n<p>Seit ihrer Gr\u00fcndung im Jahr 2011 durch Charly Gak und Dieter Schwarz hat die Band die Death-Thrash-Szene mit einer kompromisslosen H\u00e4rte erobert. Mit einer energiegeladenen Frontfrau, die sowohl mit kraftvollen Vocals als auch eindringlicher B\u00fchnenpr\u00e4senz \u00fcberzeugt, hebt sich die Band als kraftvoller Vertreter des Genres ab. Ihre Diskografie umfasst eine EP und drei Alben, die jedes Mal die Grenzen zwischen brutalen Riffs und melodischen Einfl\u00fcssen neu ausloten.<\/p>\n\n\n\n<p>Mit \u00fcber 150 explosiven Live-Auftritten in den vergangenen 13 Jahren haben sie sich eine treue Fangemeinde erspielt und die B\u00fchnen mit brutaler Intensit\u00e4t zum Beben gebracht. Jetzt schlagen sie das n\u00e4chste Kapitel auf: Die neue Single <em>Primal Force<\/em> ist der erste Vorbote des f\u00fcr 2025 angek\u00fcndigten Albums und verspricht, die rohe Energie ihrer Shows in die heimischen Boxen zu bringen. Dieses Album wird der perfekte Soundtrack f\u00fcr alle, die Death-Thrash in seiner kraftvollsten Form lieben \u2013 kompromisslos, packend und voller primaler Urgewalt!<\/p>\n\n\n\n<p>Since their founding in 2011 by Charly Gak and Dieter Schwarz, the band has taken the Death Thrash scene by storm with their uncompromising intensity. With an electrifying frontwoman who commands with powerful vocals and captivating stage presence, they stand out as a forceful representative of the genre. Their discography includes one EP and three albums, each pushing the boundaries between brutal riffs and melodic influences.<\/p>\n\n\n\n<p>With over 150 explosive live performances over the past 13 years, they\u2019ve built a loyal fanbase and shaken stages with brutal intensity. Now, they\u2019re opening the next chapter: the new single <em>Primal Force<\/em> is the first taste of their upcoming 2025 album, promising to bring the raw energy of their shows straight into your speakers. This album will be the perfect soundtrack for anyone who loves Death Thrash in its most powerful form \u2013 uncompromising, gripping, and packed with primal force!<\/p>\n\n\n\n<p><\/p>\n","protected":false},"excerpt":{"rendered":"<div class=\"mh-excerpt\"><p>Seit ihrer Gr\u00fcndung im Jahr 2011 durch Charly Gak und Dieter Schwarz hat die Band die Death-Thrash-Szene mit einer kompromisslosen H\u00e4rte erobert. Mit einer energiegeladenen <a class=\"mh-excerpt-more\" href=\"https:\/\/dark-zodiak.net\/?page_id=2\" title=\"Band\">[&#8230;]<\/a><\/p>\n<\/div>","protected":false},"author":1,"featured_media":0,"parent":0,"menu_order":0,"comment_status":"closed","ping_status":"closed","template":"","meta":{"footnotes":""},"class_list":["post-2","page","type-page","status-publish","hentry"],"_links":{"self":[{"href":"https:\/\/dark-zodiak.net\/index.php?rest_route=\/wp\/v2\/pages\/2","targetHints":{"allow":["GET"]}}],"collection":[{"href":"https:\/\/dark-zodiak.net\/index.php?rest_route=\/wp\/v2\/pages"}],"about":[{"href":"https:\/\/dark-zodiak.net\/index.php?rest_route=\/wp\/v2\/types\/page"}],"author":[{"embeddable":true,"href":"https:\/\/dark-zodiak.net\/index.php?rest_route=\/wp\/v2\/users\/1"}],"replies":[{"embeddable":true,"href":"https:\/\/dark-zodiak.net\/index.php?rest_route=%2Fwp%2Fv2%2Fcomments&post=2"}],"version-history":[{"count":21,"href":"https:\/\/dark-zodiak.net\/index.php?rest_route=\/wp\/v2\/pages\/2\/revisions"}],"predecessor-version":[{"id":704,"href":"https:\/\/dark-zodiak.net\/index.php?rest_route=\/wp\/v2\/pages\/2\/revisions\/704"}],"wp:attachment":[{"href":"https:\/\/dark-zodiak.net\/index.php?rest_route=%2Fwp%2Fv2%2Fmedia&parent=2"}],"curies":[{"name":"wp","href":"https:\/\/api.w.org\/{rel}","templated":true}]}}